{"id":3627,"date":"2023-03-01T19:44:36","date_gmt":"2023-03-01T19:44:36","guid":{"rendered":"https:\/\/www.black-summit.com\/?page_id=3627"},"modified":"2024-02-01T10:46:52","modified_gmt":"2024-02-01T09:46:52","slug":"blog","status":"publish","type":"page","link":"https:\/\/www.black-summit.com\/sr\/blog\/","title":{"rendered":"Blog"},"content":{"rendered":"","protected":false},"excerpt":{"rendered":"","protected":false},"author":1,"featured_media":0,"parent":0,"menu_order":0,"comment_status":"closed","ping_status":"closed","template":"blog-standard.php","meta":{"slim_seo":{"title":"Blog o rotvajlerima | Black Summit odgajiva\u010dnica","description":"Delimo sa vama sve \u0161to vas interesuje o rotvajlerima. O njihovoj ishrani, odgajanju, karakteristikama i nezi. Vi\u0161e od 20 godina iskustva u radu sa ovom rasom."},"footnotes":""},"class_list":["post-3627","page","type-page","status-publish","hentry"],"_links":{"self":[{"href":"https:\/\/www.black-summit.com\/sr\/wp-json\/wp\/v2\/pages\/3627","targetHints":{"allow":["GET"]}}],"collection":[{"href":"https:\/\/www.black-summit.com\/sr\/wp-json\/wp\/v2\/pages"}],"about":[{"href":"https:\/\/www.black-summit.com\/sr\/wp-json\/wp\/v2\/types\/page"}],"author":[{"embeddable":true,"href":"https:\/\/www.black-summit.com\/sr\/wp-json\/wp\/v2\/users\/1"}],"replies":[{"embeddable":true,"href":"https:\/\/www.black-summit.com\/sr\/wp-json\/wp\/v2\/comments?post=3627"}],"version-history":[{"count":1,"href":"https:\/\/www.black-summit.com\/sr\/wp-json\/wp\/v2\/pages\/3627\/revisions"}],"predecessor-version":[{"id":3628,"href":"https:\/\/www.black-summit.com\/sr\/wp-json\/wp\/v2\/pages\/3627\/revisions\/3628"}],"wp:attachment":[{"href":"https:\/\/www.black-summit.com\/sr\/wp-json\/wp\/v2\/media?parent=3627"}],"curies":[{"name":"wp","href":"https:\/\/api.w.org\/{rel}","templated":true}]}}